{"id":32,"date":"2016-08-29T07:09:49","date_gmt":"2016-08-29T06:09:49","guid":{"rendered":"http:\/\/www.cote-qhse.com\/?page_id=32"},"modified":"2023-06-01T12:37:34","modified_gmt":"2023-06-01T11:37:34","slug":"boite-a-outils","status":"publish","type":"page","link":"https:\/\/www.cote-qhse.com\/index.php\/boite-a-outils\/","title":{"rendered":"Bo\u00eete \u00e0 Outils"},"content":{"rendered":"<p>Ci-dessous, veuillez trouver une liste des principaux supports :<\/p>\n<ul>\n<li><strong>Charte tous Anim&rsquo;acteurs : <span style=\"color: #3366ff;\"><a style=\"color: #3366ff;\" href=\"http:\/\/www.cote-qhse.com\/wp-content\/uploads\/2018\/08\/Charte-Tous-AnimActeurs-07-08-18.pdf\" target=\"_blank\" rel=\"noopener noreferrer\">Lien de t\u00e9l\u00e9chargement<\/a><\/span><\/strong><\/li>\n<li><strong><span style=\"color: #333333;\">Fiche <\/span>r\u00e9capitulative de suivi de vos objectif : <span style=\"color: #3366ff;\"><a style=\"color: #3366ff;\" href=\"http:\/\/www.cote-qhse.com\/wp-content\/uploads\/2018\/08\/Fiche-R\u00e9capitulative-07-08-18.pdf\" target=\"_blank\" rel=\"noopener noreferrer\">Lien de t\u00e9l\u00e9chargement<\/a><\/span><\/strong><\/li>\n<li><strong>Causerie QHSE : <span style=\"color: #3366ff;\"><a style=\"color: #3366ff;\" href=\"http:\/\/www.cote-qhse.com\/wp-content\/uploads\/2018\/08\/Causerie-QHSE.pdf\" target=\"_blank\" rel=\"noopener noreferrer\">Lien de t\u00e9l\u00e9chargement<\/a><\/span><\/strong><\/li>\n<li><strong>Registre Quart d&rsquo;heure s\u00e9curit\u00e9 :\u00a0<span style=\"color: #3366ff;\"><a style=\"color: #3366ff;\" href=\"http:\/\/www.cote-qhse.com\/wp-content\/uploads\/2018\/08\/Registre-Quart-heure-s\u00e9curit\u00e9.pdf\" target=\"_blank\" rel=\"noopener noreferrer\">Lien de t\u00e9l\u00e9chargement<\/a><\/span><\/strong><\/li>\n<li><strong>Visite QHSE &#8211; Mod\u00e8le Chantier : <a href=\"https:\/\/www.cote-qhse.com\/index.php\/2023\/06\/01\/rappel-preventif\/\" target=\"_blank\" rel=\"noopener noreferrer\"><span style=\"color: #3366ff;\">Formulaire en ligne<\/span><\/a> OU <a href=\"http:\/\/www.cote-qhse.com\/wp-content\/uploads\/2018\/08\/Visite-QHSE-Mod\u00e8le-Chantier.pdf\" target=\"_blank\" rel=\"noopener noreferrer\"><span style=\"color: #3366ff;\">Lien de t\u00e9l\u00e9chargement<\/span><\/a><\/strong><\/li>\n<li><strong>Visite QHSE &#8211; Mod\u00e8le Service, Magasin, Atelier\u00a0: <span style=\"color: #3366ff;\"><a style=\"color: #3366ff;\" href=\"http:\/\/www.cote-qhse.com\/wp-content\/uploads\/2021\/01\/Visite-HSE-Modele-Service-Magasin-Atelier..pdf\" target=\"_blank\" rel=\"noopener noreferrer\">Lien de t\u00e9l\u00e9chargement<\/a><\/span><\/strong><\/li>\n<li><strong>Contact : <a href=\"https:\/\/wp.me\/s7Qrsu-contact\" target=\"_blank\" rel=\"noopener noreferrer\"><span style=\"color: #3366ff;\">Formulaire en ligne<\/span><\/a> OU\u00a0<span style=\"color: #3366ff;\"><a style=\"color: #3366ff;\" href=\"http:\/\/www.cote-qhse.com\/wp-content\/uploads\/2018\/08\/Contact.pdf\" target=\"_blank\" rel=\"noopener noreferrer\">Lien de t\u00e9l\u00e9chargement<\/a><\/span><\/strong><\/li>\n<li><strong>Fiche STOP :\u00a0<span style=\"color: #0000ff;\"><a href=\"http:\/\/www.cote-qhse.com\/index.php\/2017\/11\/24\/fiche-stop\/\" target=\"_blank\" rel=\"noopener noreferrer\"><span style=\"color: #3366ff;\">Formulaire en ligne<\/span><\/a>\u00a0<span style=\"color: #333333;\">OU\u00a0<a href=\"http:\/\/www.cote-qhse.com\/wp-content\/uploads\/2018\/08\/Fiche-STOP.pdf\" target=\"_blank\" rel=\"noopener noreferrer\"><span style=\"color: #3366ff;\">Lien de t\u00e9l\u00e9chargement<\/span><\/a><\/span><\/span><\/strong><\/li>\n<li><strong><span style=\"color: #333333;\">Rappel pr\u00e9ventif<\/span>\u00a0: <span style=\"color: #3366ff;\"><a style=\"color: #3366ff;\" href=\"https:\/\/www.cote-qhse.com\/index.php\/2023\/03\/14\/rappel-preventif\/\" target=\"_blank\" rel=\"noopener noreferrer\">Formulaire en ligne<\/a><\/span><\/strong><\/li>\n<\/ul>\n\n\n<p><\/p>\n","protected":false},"excerpt":{"rendered":"<p>Ci-dessous, veuillez trouver une liste des principaux supports : Charte tous Anim&rsquo;acteurs : Lien de t\u00e9l\u00e9chargement Fiche r\u00e9capitulative de suivi de vos objectif : Lien de t\u00e9l\u00e9chargement Causerie QHSE : Lien de t\u00e9l\u00e9chargement Registre Quart d&rsquo;heure s\u00e9curit\u00e9 :\u00a0Lien de t\u00e9l\u00e9chargement Visite QHSE &#8211; Mod\u00e8le Chantier : Formulaire en ligne OU Lien de t\u00e9l\u00e9chargement Visite QHSE &hellip; <a href=\"https:\/\/www.cote-qhse.com\/index.php\/boite-a-outils\/\" class=\"more-link\">Lire la suite <span class=\"screen-reader-text\">Bo\u00eete \u00e0 Outils<\/span><\/a><\/p>\n","protected":false},"author":1,"featured_media":105,"parent":0,"menu_order":0,"comment_status":"closed","ping_status":"closed","template":"","meta":{"jetpack_post_was_ever_published":false,"footnotes":""},"class_list":["post-32","page","type-page","status-publish","has-post-thumbnail","hentry","with-featured-image"],"jetpack_sharing_enabled":false,"jetpack_shortlink":"https:\/\/wp.me\/P7Qrsu-w","jetpack-related-posts":[],"jetpack_likes_enabled":true,"_links":{"self":[{"href":"https:\/\/www.cote-qhse.com\/index.php\/wp-json\/wp\/v2\/pages\/32","targetHints":{"allow":["GET"]}}],"collection":[{"href":"https:\/\/www.cote-qhse.com\/index.php\/wp-json\/wp\/v2\/pages"}],"about":[{"href":"https:\/\/www.cote-qhse.com\/index.php\/wp-json\/wp\/v2\/types\/page"}],"author":[{"embeddable":true,"href":"https:\/\/www.cote-qhse.com\/index.php\/wp-json\/wp\/v2\/users\/1"}],"replies":[{"embeddable":true,"href":"https:\/\/www.cote-qhse.com\/index.php\/wp-json\/wp\/v2\/comments?post=32"}],"version-history":[{"count":25,"href":"https:\/\/www.cote-qhse.com\/index.php\/wp-json\/wp\/v2\/pages\/32\/revisions"}],"predecessor-version":[{"id":5400,"href":"https:\/\/www.cote-qhse.com\/index.php\/wp-json\/wp\/v2\/pages\/32\/revisions\/5400"}],"wp:featuredmedia":[{"embeddable":true,"href":"https:\/\/www.cote-qhse.com\/index.php\/wp-json\/wp\/v2\/media\/105"}],"wp:attachment":[{"href":"https:\/\/www.cote-qhse.com\/index.php\/wp-json\/wp\/v2\/media?parent=32"}],"curies":[{"name":"wp","href":"https:\/\/api.w.org\/{rel}","templated":true}]}}