{"id":25,"date":"2016-08-29T06:44:51","date_gmt":"2016-08-29T05:44:51","guid":{"rendered":"http:\/\/www.cote-qhse.com\/?page_id=25"},"modified":"2020-08-20T12:50:14","modified_gmt":"2020-08-20T11:50:14","slug":"bienvenue","status":"publish","type":"page","link":"https:\/\/www.cote-qhse.com\/","title":{"rendered":"Bienvenue"},"content":{"rendered":"<p style=\"color: #404040; text-transform: none; line-height: 24px; text-indent: 0px; letter-spacing: normal; font-family: 'Source Sans Pro', Arial, sans-serif; font-size: 16px; font-style: normal; font-weight: 300; margin-bottom: 1.5em; word-spacing: 0px; white-space: normal; orphans: 2; widows: 2; font-variant-ligatures: normal; font-variant-caps: normal; -webkit-text-stroke-width: 0px;\"><em><strong>Mot du Pr\u00e9sident COTE SAS &#8211; Jacques PREZIOSO :<\/strong><\/em><\/p>\n<p style=\"color: #404040; text-transform: none; line-height: 24px; text-indent: 0px; letter-spacing: normal; font-family: 'Source Sans Pro', Arial, sans-serif; font-size: 16px; font-style: normal; font-weight: 300; margin-bottom: 1.5em; word-spacing: 0px; white-space: normal; orphans: 2; widows: 2; font-variant-ligatures: normal; font-variant-caps: normal; -webkit-text-stroke-width: 0px;\"><em>Parce que la S\u00e9curit\u00e9, la Qualit\u00e9, l&rsquo;Environnement, l\u2019Hygi\u00e8ne ne sont pas antinomiques de la production et sont au contraire le reflet de votre professionnalisme et les\u00a0valeurs propres \u00e0 tous les collaborateurs de la soci\u00e9t\u00e9 COTE, nous vous mettons \u00e0 disposition\u00a0cet\u00a0outil de communication. Ainsi\u00a0chaque collaborateur pourra \u00a0d\u00e9velopper sa culture \u00a0s\u00e9curit\u00e9 et chaque \u00e9quipe pourra avec son ou ses managers partager, \u00e9changer sur ses sujets.<\/em><\/p>\n<p style=\"color: #404040; text-transform: none; line-height: 24px; text-indent: 0px; letter-spacing: normal; font-family: 'Source Sans Pro', Arial, sans-serif; font-size: 16px; font-style: normal; font-weight: 300; margin-bottom: 1.5em; word-spacing: 0px; white-space: normal; orphans: 2; widows: 2; font-variant-ligatures: normal; font-variant-caps: normal; -webkit-text-stroke-width: 0px;\"><em><strong>Tous ensemble soyons Anim&rsquo;acteurs de la s\u00e9curit\u00e9 &#8230;.<\/strong><\/em><\/p>\n<p style=\"text-align: center; color: #404040; text-transform: none; line-height: 24px; text-indent: 0px; letter-spacing: normal; font-family: 'Source Sans Pro', Arial, sans-serif; font-size: 16px; font-style: normal; font-weight: 300; margin-bottom: 1.5em; word-spacing: 0px; white-space: normal; orphans: 2; widows: 2; font-variant-ligatures: normal; font-variant-caps: normal; -webkit-text-stroke-width: 0px;\">\u00a0<img data-recalc-dims=\"1\" loading=\"lazy\" decoding=\"async\" data-attachment-id=\"28\" data-permalink=\"https:\/\/www.cote-qhse.com\/index.php\/bienvenue\/site-2\/#main\" data-orig-file=\"https:\/\/i0.wp.com\/www.cote-qhse.com\/wp-content\/uploads\/2016\/08\/Site-2.jpg?fit=275%2C183&amp;ssl=1\" data-orig-size=\"275,183\" data-comments-opened=\"1\" data-image-meta=\"{&quot;aperture&quot;:&quot;0&quot;,&quot;credit&quot;:&quot;&quot;,&quot;camera&quot;:&quot;&quot;,&quot;caption&quot;:&quot;&quot;,&quot;created_timestamp&quot;:&quot;0&quot;,&quot;copyright&quot;:&quot;&quot;,&quot;focal_length&quot;:&quot;0&quot;,&quot;iso&quot;:&quot;0&quot;,&quot;shutter_speed&quot;:&quot;0&quot;,&quot;title&quot;:&quot;&quot;,&quot;orientation&quot;:&quot;0&quot;}\" data-image-title=\"Site 2\" data-image-description=\"\" data-image-caption=\"\" data-medium-file=\"https:\/\/i0.wp.com\/www.cote-qhse.com\/wp-content\/uploads\/2016\/08\/Site-2.jpg?fit=275%2C183&amp;ssl=1\" data-large-file=\"https:\/\/i0.wp.com\/www.cote-qhse.com\/wp-content\/uploads\/2016\/08\/Site-2.jpg?fit=275%2C183&amp;ssl=1\" class=\"alignnone size-full wp-image-28\" src=\"https:\/\/i0.wp.com\/www.cote-qhse.com\/wp-content\/uploads\/2016\/08\/Site-2.jpg?resize=275%2C183\" alt=\"Site 2\" width=\"275\" height=\"183\" \/><\/p>\n","protected":false},"excerpt":{"rendered":"<p>Mot du Pr\u00e9sident COTE SAS &#8211; Jacques PREZIOSO : Parce que la S\u00e9curit\u00e9, la Qualit\u00e9, l&rsquo;Environnement, l\u2019Hygi\u00e8ne ne sont pas antinomiques de la production et sont au contraire le reflet de votre professionnalisme et les\u00a0valeurs propres \u00e0 tous les collaborateurs de la soci\u00e9t\u00e9 COTE, nous vous mettons \u00e0 disposition\u00a0cet\u00a0outil de communication. Ainsi\u00a0chaque collaborateur pourra \u00a0d\u00e9velopper &hellip; <a href=\"https:\/\/www.cote-qhse.com\/\" class=\"more-link\">Lire la suite <span class=\"screen-reader-text\">Bienvenue<\/span><\/a><\/p>\n","protected":false},"author":1,"featured_media":0,"parent":0,"menu_order":0,"comment_status":"closed","ping_status":"closed","template":"","meta":{"jetpack_post_was_ever_published":false,"footnotes":""},"class_list":["post-25","page","type-page","status-publish","hentry","without-featured-image"],"jetpack_sharing_enabled":false,"jetpack_shortlink":"https:\/\/wp.me\/P7Qrsu-p","jetpack-related-posts":[],"jetpack_likes_enabled":true,"_links":{"self":[{"href":"https:\/\/www.cote-qhse.com\/index.php\/wp-json\/wp\/v2\/pages\/25","targetHints":{"allow":["GET"]}}],"collection":[{"href":"https:\/\/www.cote-qhse.com\/index.php\/wp-json\/wp\/v2\/pages"}],"about":[{"href":"https:\/\/www.cote-qhse.com\/index.php\/wp-json\/wp\/v2\/types\/page"}],"author":[{"embeddable":true,"href":"https:\/\/www.cote-qhse.com\/index.php\/wp-json\/wp\/v2\/users\/1"}],"replies":[{"embeddable":true,"href":"https:\/\/www.cote-qhse.com\/index.php\/wp-json\/wp\/v2\/comments?post=25"}],"version-history":[{"count":5,"href":"https:\/\/www.cote-qhse.com\/index.php\/wp-json\/wp\/v2\/pages\/25\/revisions"}],"predecessor-version":[{"id":1797,"href":"https:\/\/www.cote-qhse.com\/index.php\/wp-json\/wp\/v2\/pages\/25\/revisions\/1797"}],"wp:attachment":[{"href":"https:\/\/www.cote-qhse.com\/index.php\/wp-json\/wp\/v2\/media?parent=25"}],"curies":[{"name":"wp","href":"https:\/\/api.w.org\/{rel}","templated":true}]}}